{"id":111,"date":"2013-02-27T12:57:20","date_gmt":"2013-02-27T10:57:20","guid":{"rendered":"http:\/\/www.power-health-pilates.at\/wordpress\/?page_id=111"},"modified":"2013-03-15T22:19:48","modified_gmt":"2013-03-15T20:19:48","slug":"agb","status":"publish","type":"page","link":"http:\/\/www.power-health-pilates.at\/wordpress\/?page_id=111","title":{"rendered":"Teilnahmebedingungen"},"content":{"rendered":"<p><span style=\"color: #000000;\"><br \/>\n<\/span><\/p>\n<ul>\n<li style=\"text-align: justify;\"><span style=\"color: #000000;\">Der Kursteilnehmer trainiert auf eigene Verantwortung.<\/span><span style=\"color: #000000;\"><br \/>\n<\/span><\/li>\n<\/ul>\n<ul style=\"text-align: justify;\">\n<li><span style=\"color: #000000;\">F\u00fcr allf\u00e4llige Verletzungen oder sonstige Nachteile, die Kunden w\u00e4hrend einer Trainingseinheit erleiden, ist eine Haftung ausgeschlossen. Insbesondere ist eine Haftung f\u00fcr Sch\u00e4den oder Nachteile w\u00e4hrend der Durchf\u00fchrung des Trainings ausgeschlossen, wenn sich die Kunden nicht an die Anordnungen der Trainer halten.<\/span><\/li>\n<\/ul>\n<ul style=\"text-align: justify;\">\n<li><span style=\"color: #000000;\">K\u00f6r<\/span><span style=\"color: #000000;\">perlichen Beschwerden bzw. Einschr\u00e4nkungen m\u00fcssen ausnahmslos der Trainerin gemeldet werden! Zum Beispiel: Bandscheibenvorf\u00e4lle, Wirbelgleiten, Wirbelverengungen,\u00a0 Schwangerschaften,\u00a0 k\u00fcnstliche Gelenke,&#8230;<\/span><span style=\"color: #000000;\"><br \/>\n<\/span><\/li>\n<\/ul>\n<ul>\n<li style=\"text-align: justify;\"><span style=\"color: #000000;\">Die Kunden sind verpflichtet, allf\u00e4llige Wertgegenst\u00e4nde in den jeweils von Ihnen benutzten Trainingsraum mitzunehmen. Eine Haftung f\u00fcr den Verlust, die Besch\u00e4digung oder sonstige Wertminderung der Wertgegenst\u00e4nde ist ausgeschlossen.<\/span><\/li>\n<\/ul>\n<p>&nbsp;<\/p>\n<h3><span style=\"color: #000000;\">\u00a0<\/span><\/h3>\n","protected":false},"excerpt":{"rendered":"<p>Der Kursteilnehmer trainiert auf eigene Verantwortung. F\u00fcr allf\u00e4llige Verletzungen oder sonstige Nachteile, die Kunden w\u00e4hrend einer Trainingseinheit erleiden, ist eine Haftung ausgeschlossen. Insbesondere ist eine Haftung f\u00fcr Sch\u00e4den oder Nachteile w\u00e4hrend der Durchf\u00fchrung des Trainings ausgeschlossen, wenn sich die Kunden nicht an die Anordnungen der Trainer halten. K\u00f6rperlichen Beschwerden bzw. Einschr\u00e4nkungen m\u00fcssen ausnahmslos der Trainerin [&hellip;]<\/p>\n","protected":false},"author":1,"featured_media":0,"parent":0,"menu_order":0,"comment_status":"closed","ping_status":"closed","template":"","meta":{"footnotes":""},"class_list":["post-111","page","type-page","status-publish","hentry"],"_links":{"self":[{"href":"http:\/\/www.power-health-pilates.at\/wordpress\/index.php?rest_route=\/wp\/v2\/pages\/111","targetHints":{"allow":["GET"]}}],"collection":[{"href":"http:\/\/www.power-health-pilates.at\/wordpress\/index.php?rest_route=\/wp\/v2\/pages"}],"about":[{"href":"http:\/\/www.power-health-pilates.at\/wordpress\/index.php?rest_route=\/wp\/v2\/types\/page"}],"author":[{"embeddable":true,"href":"http:\/\/www.power-health-pilates.at\/wordpress\/index.php?rest_route=\/wp\/v2\/users\/1"}],"replies":[{"embeddable":true,"href":"http:\/\/www.power-health-pilates.at\/wordpress\/index.php?rest_route=%2Fwp%2Fv2%2Fcomments&post=111"}],"version-history":[{"count":19,"href":"http:\/\/www.power-health-pilates.at\/wordpress\/index.php?rest_route=\/wp\/v2\/pages\/111\/revisions"}],"predecessor-version":[{"id":298,"href":"http:\/\/www.power-health-pilates.at\/wordpress\/index.php?rest_route=\/wp\/v2\/pages\/111\/revisions\/298"}],"wp:attachment":[{"href":"http:\/\/www.power-health-pilates.at\/wordpress\/index.php?rest_route=%2Fwp%2Fv2%2Fmedia&parent=111"}],"curies":[{"name":"wp","href":"https:\/\/api.w.org\/{rel}","templated":true}]}}