{"id":47,"date":"2013-02-23T16:12:55","date_gmt":"2013-02-23T14:12:55","guid":{"rendered":"http:\/\/www.power-health-pilates.at\/wordpress\/?page_id=47"},"modified":"2013-03-17T13:41:48","modified_gmt":"2013-03-17T11:41:48","slug":"pilates","status":"publish","type":"page","link":"http:\/\/www.power-health-pilates.at\/wordpress\/?page_id=47","title":{"rendered":"Pilates"},"content":{"rendered":"<p><span style=\"color: #000000;\">Was ist <b>PILATES<\/b>? \u00a0 PILATES ist ein Krafttraining f\u00fcr den ganzen K\u00f6rper mit Augenmerk auf die tiefe Rumpfmuskulatur. Durch die Abwechslung von Kr\u00e4ftigungs- und Dehn\u00fcbungen werden die Muskeln optimal trainiert, der K\u00f6rper erh\u00e4lt seine urspr\u00fcngliche, geschmeidige Beweglichkeit zur\u00fcck.<\/span><\/p>\n<p><span style=\"color: #000000;\">Durch das PILATES-Training wird die knochennahe Muskulatur der Wirbels\u00e4ule und speziell die tiefe Bauchmuskulatur gest\u00e4rkt, dadurch wird die Wirbels\u00e4ule entlastet. Die Lockerungs\u00fcbungen helfen, Verspannungen und Versteifungen entgegenzuwirken und zu lindern. Ziel ist es, die ganze Wirbels\u00e4ule zu mobilisieren.<\/span><\/p>\n<p><span style=\"color: #000000;\">Das eigene K\u00f6rpergef\u00fchl wird entscheidend verbessert.<\/span><\/p>\n<p><a title=\"Joseph H. Pilates\" href=\"http:\/\/de.wikipedia.org\/wiki\/Joseph_H._Pilates\" target=\"_blank\"><span style=\"color: #000000;\"><em><img loading=\"lazy\" decoding=\"async\" class=\"alignleft\" id=\"rg_hi\" title=\"Joseph H. Pilates\" alt=\"\" src=\"http:\/\/t1.gstatic.com\/images?q=tbn:ANd9GcREPT5STIlonudTjlQGMjHZgN4MuIIv_l0igyX4pVQEXy33y1fb\" width=\"160\" height=\"209\" data-height=\"209\" data-width=\"160\" \/><\/em><\/span><\/p>\n<p><\/a><\/p>\n<h3 style=\"text-align: center;\"><\/h3>\n<p>&nbsp;<\/p>\n<h3 style=\"text-align: center;\"><span style=\"color: #000000;\"><em>&#8222;Nach <strong>10<\/strong> Stunden sp\u00fcren Sie den Unterschied,<\/em><\/span><\/h3>\n<h3 style=\"text-align: center;\"><span style=\"color: #000000;\"><em>nach <strong>20<\/strong> sehen Sie ihn,<\/em><\/span><\/h3>\n<h3 style=\"text-align: center;\"><span style=\"color: #000000;\"><em> und nach <strong>30<\/strong> besitzen Sie einen neuen K\u00f6rper.&#8220; <\/em><\/span><\/h3>\n<h3 style=\"text-align: center;\">\u00a0<span style=\"color: #000000;\"><em>(Joseph H. Pilates)<\/em><\/span><\/h3>\n<address>\u00a0<\/address>\n<address>\u00a0<\/address>\n<address>\u00a0<\/address>\n<p><span style=\"color: #000000;\">Grunds\u00e4tze des <b>PILATES<\/b>-Trainings:<\/span><\/p>\n<ul>\n<li><span style=\"color: #000000;\">korrekte K\u00f6rperhaltung<\/span><\/li>\n<li><span style=\"color: #000000;\">kontrollierte wie exakte und flie\u00dfende Bewegungsausf\u00fchrung<\/span><\/li>\n<li><span style=\"color: #000000;\">volle Konzentration<\/span><\/li>\n<li><span style=\"color: #000000;\">Atmung<\/span><\/li>\n<li><span style=\"color: #000000;\">das Zentrum des K\u00f6rpers &#8211; <em>Powerhouse<\/em><br \/>\n<\/span><\/li>\n<\/ul>\n","protected":false},"excerpt":{"rendered":"<p>Was ist PILATES? \u00a0 PILATES ist ein Krafttraining f\u00fcr den ganzen K\u00f6rper mit Augenmerk auf die tiefe Rumpfmuskulatur. Durch die Abwechslung von Kr\u00e4ftigungs- und Dehn\u00fcbungen werden die Muskeln optimal trainiert, der K\u00f6rper erh\u00e4lt seine urspr\u00fcngliche, geschmeidige Beweglichkeit zur\u00fcck. Durch das PILATES-Training wird die knochennahe Muskulatur der Wirbels\u00e4ule und speziell die tiefe Bauchmuskulatur gest\u00e4rkt, dadurch wird [&hellip;]<\/p>\n","protected":false},"author":1,"featured_media":0,"parent":0,"menu_order":0,"comment_status":"closed","ping_status":"closed","template":"page-full_width.php","meta":{"footnotes":""},"class_list":["post-47","page","type-page","status-publish","hentry"],"_links":{"self":[{"href":"http:\/\/www.power-health-pilates.at\/wordpress\/index.php?rest_route=\/wp\/v2\/pages\/47","targetHints":{"allow":["GET"]}}],"collection":[{"href":"http:\/\/www.power-health-pilates.at\/wordpress\/index.php?rest_route=\/wp\/v2\/pages"}],"about":[{"href":"http:\/\/www.power-health-pilates.at\/wordpress\/index.php?rest_route=\/wp\/v2\/types\/page"}],"author":[{"embeddable":true,"href":"http:\/\/www.power-health-pilates.at\/wordpress\/index.php?rest_route=\/wp\/v2\/users\/1"}],"replies":[{"embeddable":true,"href":"http:\/\/www.power-health-pilates.at\/wordpress\/index.php?rest_route=%2Fwp%2Fv2%2Fcomments&post=47"}],"version-history":[{"count":31,"href":"http:\/\/www.power-health-pilates.at\/wordpress\/index.php?rest_route=\/wp\/v2\/pages\/47\/revisions"}],"predecessor-version":[{"id":94,"href":"http:\/\/www.power-health-pilates.at\/wordpress\/index.php?rest_route=\/wp\/v2\/pages\/47\/revisions\/94"}],"wp:attachment":[{"href":"http:\/\/www.power-health-pilates.at\/wordpress\/index.php?rest_route=%2Fwp%2Fv2%2Fmedia&parent=47"}],"curies":[{"name":"wp","href":"https:\/\/api.w.org\/{rel}","templated":true}]}}